

{"id":23,"date":"2022-05-10T17:24:19","date_gmt":"2022-05-10T17:24:19","guid":{"rendered":"https:\/\/nordicoils.dk\/?post_type=product&#038;p=23"},"modified":"2026-05-11T01:43:03","modified_gmt":"2026-05-11T01:43:03","slug":"5-oil","status":"publish","type":"product","link":"https:\/\/nordicoils.dk\/?product=5-oil","title":{"rendered":"Nordic Oil 5% Hampolie"},"content":{"rendered":"<ul>\n<li>10ml<\/li>\n<li>Indeholder ca. 250 dr\u00e5ber<\/li>\n<li>Meget velegnet til mikrodosering og standarddosering<\/li>\n<\/ul>\n<p>Denne 5% olie er velegnet til b\u00e5de erfarne og uerfarne brugere.<\/p>\n<p><strong>Ingredienser: <\/strong><\/p>\n<ul class=\"list list--ul\">\n<li>\u00d8kologisk hampfr\u00f8olie<\/li>\n<\/ul>\n<p>Nordic Oil 5% Botanisk Olie er et kosttilskud af h\u00f8j kvalitet fremstillet af 100% naturlige planteekstrakter. Dette produkt er designet til at st\u00f8tte dit generelle helbred og velv\u00e6re med sin blanding af h\u00f8j kvalitet af gavnlige planteforbindelser.<\/p>\n<p>Vores olie er udvundet af de fineste planter ved hj\u00e6lp af de reneste ekstraktionsmetoder. Vi udv\u00e6lger omhyggeligt hver enkelt plante for at sikre den h\u00f8jeste kvalitet og styrke af olien.<\/p>\n<p>Formlen med 5 % styrke er perfekt til dem, der \u00f8nsker at st\u00f8tte deres daglige sundhedsrutine. Den brugervenlige dr\u00e5beflaske giver mulighed for pr\u00e6cis dosering, og olien kan tages alene eller tils\u00e6ttes til din yndlingsdrik eller opskrift.<\/p>\n<p>Leder du efter en ren, glutenfri, vegansk og GMO-fri olie til dine mikrodoseringsbehov? Kig ikke l\u00e6ngere end Nordic Oil 5% Oil. Denne olie er fremstillet af de fineste ingredienser og er perfekt til dem, der er p\u00e5 en vegansk eller glutenfri di\u00e6t. Den er ogs\u00e5 GMO-fri, hvilket g\u00f8r den ideel for dem, der leder efter et \u00f8kologisk produkt. Denne olie kommer i en 10 ml flaske med ca. 250 dr\u00e5ber.<\/p>\n<p>Er du p\u00e5 udkig efter en naturlig m\u00e5de at gavne dit helbred og velv\u00e6re p\u00e5? S\u00e5 beh\u00f8ver du ikke lede l\u00e6ngere! Nordic Oil 5% Oil er det perfekte produkt til dig. Denne olie er fremstillet med n\u00f8je udvalgte naturlige ingredienser og er glutenfri, vegansk og fri for GMO&#8217;er. Ikke nok med det, men den kommer ogs\u00e5 i en praktisk 10 ml flaske med ca. 250 dr\u00e5ber, s\u00e5 den kan bruges til pr\u00e6cis mikrodosering.<\/p>\n<p>Denne olie er ideel til dem, der \u00f8nsker at h\u00e5ndtere stress naturligt og f\u00f8le sig bedst muligt. Med blot et par dr\u00e5ber af dens kraftfulde blanding af \u00e6teriske olier kan den hj\u00e6lpe med at forbedre det generelle hum\u00f8r og fremme mental klarhed. P\u00e5 grund af dens styrke er den is\u00e6r god til dem, der \u00f8nsker hurtigtvirkende lindring uden st\u00e6rke lugte eller us\u00e6dvanlige smagsnuancer.<\/p>\n<p>Uanset om du \u00f8nsker at \u00f8ge energiniveauet eller forbedre fokus, er Nordic Oil 5% Oil her for at hj\u00e6lpe! Dens unikke kombination af ingredienser g\u00f8r den til en af de mest p\u00e5lidelige kilder, der tilf\u00f8jer bekvemmelighed og kvalitet til enhver naturlig sundhedsregime. S\u00e5 hvorfor ikke pr\u00f8ve det i dag? Du har intet at tabe &#8211; begynd at tage kontrol over dit helbred og velv\u00e6re nu med Nordic Oil 5% Oil!<\/p>\n","protected":false},"excerpt":{"rendered":"<ul>\n<li>10ml<\/li>\n<li>Indeholder ca. 250 dr\u00e5ber<\/li>\n<li>Meget velegnet til mikrodosering og standarddosering<\/li>\n<\/ul>\n<p>Denne 5% olie er velegnet til b\u00e5de erfarne og uerfarne brugere.<\/p>\n<p><strong>Ingredienser: <\/strong><\/p>\n<ul class=\"list list--ul\">\n<li>\u00d8kologisk hampfr\u00f8olie<\/li>\n<\/ul>\n","protected":false},"featured_media":139,"comment_status":"open","ping_status":"closed","template":"","meta":[],"product_brand":[],"product_cat":[16,18,15,17],"product_tag":[],"class_list":{"0":"post-23","1":"product","2":"type-product","3":"status-publish","4":"has-post-thumbnail","6":"product_cat-moisturizer","7":"product_cat-supplements","8":"product_cat-uncategorized","9":"product_cat-vegan","11":"first","12":"instock","13":"sale","14":"shipping-taxable","15":"purchasable","16":"product-type-simple"},"_links":{"self":[{"href":"https:\/\/nordicoils.dk\/index.php?rest_route=\/wp\/v2\/product\/23","targetHints":{"allow":["GET"]}}],"collection":[{"href":"https:\/\/nordicoils.dk\/index.php?rest_route=\/wp\/v2\/product"}],"about":[{"href":"https:\/\/nordicoils.dk\/index.php?rest_route=\/wp\/v2\/types\/product"}],"replies":[{"embeddable":true,"href":"https:\/\/nordicoils.dk\/index.php?rest_route=%2Fwp%2Fv2%2Fcomments&post=23"}],"wp:featuredmedia":[{"embeddable":true,"href":"https:\/\/nordicoils.dk\/index.php?rest_route=\/wp\/v2\/media\/139"}],"wp:attachment":[{"href":"https:\/\/nordicoils.dk\/index.php?rest_route=%2Fwp%2Fv2%2Fmedia&parent=23"}],"wp:term":[{"taxonomy":"product_brand","embeddable":true,"href":"https:\/\/nordicoils.dk\/index.php?rest_route=%2Fwp%2Fv2%2Fproduct_brand&post=23"},{"taxonomy":"product_cat","embeddable":true,"href":"https:\/\/nordicoils.dk\/index.php?rest_route=%2Fwp%2Fv2%2Fproduct_cat&post=23"},{"taxonomy":"product_tag","embeddable":true,"href":"https:\/\/nordicoils.dk\/index.php?rest_route=%2Fwp%2Fv2%2Fproduct_tag&post=23"}],"curies":[{"name":"wp","href":"https:\/\/api.w.org\/{rel}","templated":true}]}}