

{"id":227,"date":"2023-09-04T09:37:50","date_gmt":"2023-09-04T09:37:50","guid":{"rendered":"https:\/\/nordicoils.dk\/?post_type=product&#038;p=227"},"modified":"2026-04-26T06:39:39","modified_gmt":"2026-04-26T06:39:39","slug":"c-2-5-fish","status":"publish","type":"product","link":"https:\/\/nordicoils.dk\/?product=c-2-5-fish","title":{"rendered":"Olie til katte &#8211; Fisk (2,5%)"},"content":{"rendered":"<p>Giv din pelsede f\u00f8lgesvend den pleje, hun fortjener, med vores f\u00f8rsteklasses olieblanding til katte. Denne omhyggeligt sammensatte formel har et indhold p\u00e5 2,5 %, der kan hj\u00e6lpe med at fremme din kats velbefindende. Vores olieblanding er omhyggeligt sammensat af de fineste plantekilder. Den indeholder en harmonisk blanding af ingredienser, der er kendt for deres potentielle positive effekter p\u00e5 afslapning og balance i din kats system. Hver flaske indeholder en pr\u00e6cist afm\u00e5lt m\u00e6ngde af denne s\u00e6rlige formel for at sikre en ensartet og effektiv oplevelse for dit k\u00e6ledyr.<br \/>\nDen delikate smag af fisk giver denne olie en uimodst\u00e5elig note, der vil pirre din kats gane. Det bliver en forn\u00f8jelse at give kosttilskud, mens din kat ser frem til sin daglige portion velsmagende pleje.<\/p>\n<p>Vores olieblanding er fremstillet og testet under strenge kvalitetskontroller for at sikre den h\u00f8jeste renhed og styrke. Vi er stolte af at kunne tilbyde et produkt, som du kan stole p\u00e5 kun giver det bedste til dit elskede k\u00e6ledyr.<\/p>\n<p>Uanset om din kat oplever lejlighedsvis stress, fysisk ubehag eller bare fortjener en ekstra portion omsorg, er vores olieblanding af h\u00f8j kvalitet med 2,5% naturlige ingredienser klar til at g\u00f8re en positiv forskel. Fork\u00e6l din kat, og lad den opleve fordelene ved denne omhyggeligt sammensatte pleje. Indarbejd dette enest\u00e5ende produkt i din kats daglige rutine, og st\u00f8t dens velbefindende p\u00e5 en holistisk m\u00e5de.<\/p>\n","protected":false},"excerpt":{"rendered":"<p>Fork\u00e6l din elskede missekat med denne olieblanding af h\u00f8j kvalitet til katte. Beriget med et indhold p\u00e5 2,5% tilbyder dette produkt gavnlig st\u00f8tte til din kats velbefindende. Den delikate smag af fisk g\u00f8r denne olie til en s\u00e6rlig godbid.<\/p>\n","protected":false},"featured_media":232,"comment_status":"open","ping_status":"closed","template":"","meta":[],"product_brand":[],"product_cat":[15],"product_tag":[],"class_list":{"0":"post-227","1":"product","2":"type-product","3":"status-publish","4":"has-post-thumbnail","6":"product_cat-uncategorized","8":"first","9":"instock","10":"shipping-taxable","11":"purchasable","12":"product-type-simple"},"_links":{"self":[{"href":"https:\/\/nordicoils.dk\/index.php?rest_route=\/wp\/v2\/product\/227","targetHints":{"allow":["GET"]}}],"collection":[{"href":"https:\/\/nordicoils.dk\/index.php?rest_route=\/wp\/v2\/product"}],"about":[{"href":"https:\/\/nordicoils.dk\/index.php?rest_route=\/wp\/v2\/types\/product"}],"replies":[{"embeddable":true,"href":"https:\/\/nordicoils.dk\/index.php?rest_route=%2Fwp%2Fv2%2Fcomments&post=227"}],"wp:featuredmedia":[{"embeddable":true,"href":"https:\/\/nordicoils.dk\/index.php?rest_route=\/wp\/v2\/media\/232"}],"wp:attachment":[{"href":"https:\/\/nordicoils.dk\/index.php?rest_route=%2Fwp%2Fv2%2Fmedia&parent=227"}],"wp:term":[{"taxonomy":"product_brand","embeddable":true,"href":"https:\/\/nordicoils.dk\/index.php?rest_route=%2Fwp%2Fv2%2Fproduct_brand&post=227"},{"taxonomy":"product_cat","embeddable":true,"href":"https:\/\/nordicoils.dk\/index.php?rest_route=%2Fwp%2Fv2%2Fproduct_cat&post=227"},{"taxonomy":"product_tag","embeddable":true,"href":"https:\/\/nordicoils.dk\/index.php?rest_route=%2Fwp%2Fv2%2Fproduct_tag&post=227"}],"curies":[{"name":"wp","href":"https:\/\/api.w.org\/{rel}","templated":true}]}}