

{"id":225,"date":"2023-09-04T09:37:49","date_gmt":"2023-09-04T09:37:49","guid":{"rendered":"https:\/\/nordicoils.dk\/?post_type=product&#038;p=225"},"modified":"2026-03-03T09:53:26","modified_gmt":"2026-03-03T09:53:26","slug":"d-4-beef","status":"publish","type":"product","link":"https:\/\/nordicoils.dk\/?product=d-4-beef","title":{"rendered":"Olie til hunde &#8211; Okse (4%)"},"content":{"rendered":"<p>Giv din firbenede ven den pleje, den fortjener, med vores f\u00f8rsteklasses olieblanding til hunde. Denne omhyggeligt sammensatte formel har et indhold p\u00e5 4 %, der kan bidrage til at fremme din hunds velbefindende.<br \/>\nNvores olieblanding er omhyggeligt sammensat af de fineste plantekilder. Den indeholder en harmonisk blanding af ingredienser, der er kendt for deres potentielle positive effekter p\u00e5 afslapning og balance i din hunds system. Hver flaske indeholder en pr\u00e6cist afm\u00e5lt m\u00e6ngde af denne s\u00e6rlige formel for at sikre en ensartet og effektiv oplevelse for dit k\u00e6ledyr.<br \/>\nDen krydrede smag af oksek\u00f8d giver denne olie en uimodst\u00e5elig note, der vil pirre din hunds gane. Det bliver en forn\u00f8jelse at give kosttilskud, mens din hund ser frem til sin daglige portion velsmagende pleje.<\/p>\n<p>Vores olieblanding er fremstillet og testet under strenge kvalitetskontroller for at sikre den h\u00f8jeste renhed og styrke. Vi er stolte af at kunne tilbyde et produkt, som du kan stole p\u00e5 kun giver det bedste til dit elskede k\u00e6ledyr.<\/p>\n<p>Uanset om din hund oplever lejlighedsvis stress, fysisk ubehag eller bare fortjener en ekstra portion omsorg, er vores olieblanding af h\u00f8j kvalitet med 4% naturlige ingredienser klar til at g\u00f8re en positiv forskel. Fork\u00e6l din hund, og lad den opleve fordelene ved denne omhyggeligt sammensatte pleje. Indarbejd dette enest\u00e5ende produkt i din hunds daglige rutine, og st\u00f8t dens velbefindende p\u00e5 en holistisk m\u00e5de.<\/p>\n","protected":false},"excerpt":{"rendered":"<p>Fork\u00e6l din trofaste f\u00f8lgesvend med denne olieblanding af h\u00f8j kvalitet til hunde. Beriget med et indhold p\u00e5 4% giver dette produkt gavnlig st\u00f8tte til din hunds velbefindende. Den krydrede smag af oksek\u00f8d g\u00f8r denne olie til en s\u00e6rlig godbid.<\/p>\n","protected":false},"featured_media":230,"comment_status":"open","ping_status":"closed","template":"","meta":[],"product_brand":[],"product_cat":[15],"product_tag":[],"class_list":{"0":"post-225","1":"product","2":"type-product","3":"status-publish","4":"has-post-thumbnail","6":"product_cat-uncategorized","8":"first","9":"instock","10":"shipping-taxable","11":"purchasable","12":"product-type-simple"},"_links":{"self":[{"href":"https:\/\/nordicoils.dk\/index.php?rest_route=\/wp\/v2\/product\/225","targetHints":{"allow":["GET"]}}],"collection":[{"href":"https:\/\/nordicoils.dk\/index.php?rest_route=\/wp\/v2\/product"}],"about":[{"href":"https:\/\/nordicoils.dk\/index.php?rest_route=\/wp\/v2\/types\/product"}],"replies":[{"embeddable":true,"href":"https:\/\/nordicoils.dk\/index.php?rest_route=%2Fwp%2Fv2%2Fcomments&post=225"}],"wp:featuredmedia":[{"embeddable":true,"href":"https:\/\/nordicoils.dk\/index.php?rest_route=\/wp\/v2\/media\/230"}],"wp:attachment":[{"href":"https:\/\/nordicoils.dk\/index.php?rest_route=%2Fwp%2Fv2%2Fmedia&parent=225"}],"wp:term":[{"taxonomy":"product_brand","embeddable":true,"href":"https:\/\/nordicoils.dk\/index.php?rest_route=%2Fwp%2Fv2%2Fproduct_brand&post=225"},{"taxonomy":"product_cat","embeddable":true,"href":"https:\/\/nordicoils.dk\/index.php?rest_route=%2Fwp%2Fv2%2Fproduct_cat&post=225"},{"taxonomy":"product_tag","embeddable":true,"href":"https:\/\/nordicoils.dk\/index.php?rest_route=%2Fwp%2Fv2%2Fproduct_tag&post=225"}],"curies":[{"name":"wp","href":"https:\/\/api.w.org\/{rel}","templated":true}]}}