

{"id":132,"date":"2023-04-19T13:44:02","date_gmt":"2023-04-19T13:44:02","guid":{"rendered":"https:\/\/nordicoils.dk\/?post_type=product&#038;p=132"},"modified":"2026-02-09T08:00:53","modified_gmt":"2026-02-09T08:00:53","slug":"40-oil","status":"publish","type":"product","link":"https:\/\/nordicoils.dk\/?product=40-oil","title":{"rendered":"Premium olie 40%"},"content":{"rendered":"<p>Oplev det ultimative i naturlig velv\u00e6re med vores nye olie plus, nu med en potent 40% koncentration! Vores premium ekstraktolie er fremstillet af de fineste naturlige ingredienser for at give maksimale fordele og hj\u00e6lpe dig med at f\u00f8le dig bedre hver dag.<\/p>\n<p>Vores olieekstrakt er designet til at fremme en f\u00f8lelse af ro og afslapning, samtidig med at det reducerer f\u00f8lelser af stress og angst. Med en h\u00f8j koncentration p\u00e5 40% er denne nye formel endnu mere effektiv end vores tidligere produkt.<\/p>\n<p>Oplev bedre s\u00f8vn, en mere afbalanceret appetit og forbedret hum\u00f8r med vores naturlige ekstraktolie, der er formuleret til at arbejde sammen med kroppens naturlige systemer. Og med vores brugervenlige dr\u00e5ber kan du tage lige den dosis, du har brug for, n\u00e5r du har brug for det.<\/p>\n<p>Vores ekstraktolie er 100% naturlig, uden skadelige kemikalier eller syntetiske tils\u00e6tningsstoffer. Den tilbyder en sikker og effektiv m\u00e5de at st\u00f8tte dit generelle velbefindende og frig\u00f8re dit fulde potentiale.<\/p>\n<p>Oplev den naturlige kraft af vores ekstraktolie i dag og tag det f\u00f8rste skridt mod et sundere og mere livskraftigt liv.<\/p>\n","protected":false},"excerpt":{"rendered":"<p>Oplev det ultimative i naturlig velv\u00e6re med vores nye olie plus, nu med en potent 40% koncentration! Vores premium ekstraktolie er fremstillet af de fineste naturlige ingredienser for at give maksimale fordele og hj\u00e6lpe dig med at f\u00f8le dig bedre hver dag. Vores olieekstrakt er designet til at fremme en f\u00f8lelse af ro og afslapning, [&#8230;]\n","protected":false},"featured_media":136,"comment_status":"open","ping_status":"closed","template":"","meta":[],"product_brand":[],"product_cat":[16,18,15,17],"product_tag":[],"class_list":{"0":"post-132","1":"product","2":"type-product","3":"status-publish","4":"has-post-thumbnail","6":"product_cat-moisturizer","7":"product_cat-supplements","8":"product_cat-uncategorized","9":"product_cat-vegan","11":"first","12":"instock","13":"sale","14":"shipping-taxable","15":"purchasable","16":"product-type-simple"},"_links":{"self":[{"href":"https:\/\/nordicoils.dk\/index.php?rest_route=\/wp\/v2\/product\/132","targetHints":{"allow":["GET"]}}],"collection":[{"href":"https:\/\/nordicoils.dk\/index.php?rest_route=\/wp\/v2\/product"}],"about":[{"href":"https:\/\/nordicoils.dk\/index.php?rest_route=\/wp\/v2\/types\/product"}],"replies":[{"embeddable":true,"href":"https:\/\/nordicoils.dk\/index.php?rest_route=%2Fwp%2Fv2%2Fcomments&post=132"}],"wp:featuredmedia":[{"embeddable":true,"href":"https:\/\/nordicoils.dk\/index.php?rest_route=\/wp\/v2\/media\/136"}],"wp:attachment":[{"href":"https:\/\/nordicoils.dk\/index.php?rest_route=%2Fwp%2Fv2%2Fmedia&parent=132"}],"wp:term":[{"taxonomy":"product_brand","embeddable":true,"href":"https:\/\/nordicoils.dk\/index.php?rest_route=%2Fwp%2Fv2%2Fproduct_brand&post=132"},{"taxonomy":"product_cat","embeddable":true,"href":"https:\/\/nordicoils.dk\/index.php?rest_route=%2Fwp%2Fv2%2Fproduct_cat&post=132"},{"taxonomy":"product_tag","embeddable":true,"href":"https:\/\/nordicoils.dk\/index.php?rest_route=%2Fwp%2Fv2%2Fproduct_tag&post=132"}],"curies":[{"name":"wp","href":"https:\/\/api.w.org\/{rel}","templated":true}]}}