

{"id":128,"date":"2023-04-19T13:42:21","date_gmt":"2023-04-19T13:42:21","guid":{"rendered":"https:\/\/nordicoils.dk\/?post_type=product&#038;p=128"},"modified":"2026-04-13T20:09:19","modified_gmt":"2026-04-13T20:09:19","slug":"10-oil","status":"publish","type":"product","link":"https:\/\/nordicoils.dk\/?product=10-oil","title":{"rendered":"Premium olie 10%"},"content":{"rendered":"<p>Vi pr\u00e6senterer vores seneste wellness-gennembrud: den nye og forbedrede formel for vores premium ekstraktolie. Vores produkt er designet til at levere uovertrufne fordele, som vil give dig en f\u00f8lelse af foryngelse og revitalisering hele dagen lang.<\/p>\n<p>Vores ekstraktolie indeholder en kraftfuld blanding af naturlige ingredienser, der arbejder i harmoni for at give maksimal effekt. Med en kraftig koncentration p\u00e5 10 % giver denne nye formel endnu bedre resultater end vores tidligere produkt. Og det er helt naturligt, uden skadelige kemikalier eller syntetiske tils\u00e6tningsstoffer.<\/p>\n<p>Vores olieekstrakt er designet til at st\u00f8tte dit generelle velbefindende ved at fremme en f\u00f8lelse af ro og afslapning, samtidig med at det reducerer f\u00f8lelser af stress og angst. Det underst\u00f8tter ogs\u00e5 sund s\u00f8vn, s\u00e5 du v\u00e5gner op frisk og klar til at tage fat p\u00e5 dagen.<\/p>\n<p>Vores nye formel er designet til at arbejde sammen med din krops naturlige systemer for at hj\u00e6lpe med at regulere hum\u00f8r, appetit og s\u00f8vn. Og med vores brugervenlige dr\u00e5ber kan du tage lige den dosis, du har brug for, lige n\u00e5r du har brug for det.<\/p>\n<p>Oplev den naturlige kraft af vores ekstraktolie i dag og se fordelene for dig selv.<\/p>\n","protected":false},"excerpt":{"rendered":"<p>Vi pr\u00e6senterer vores seneste wellness-gennembrud: den nye og forbedrede formel for vores premium ekstraktolie. Vores produkt er designet til at levere uovertrufne fordele, som vil give dig en f\u00f8lelse af foryngelse og revitalisering hele dagen lang. Vores ekstraktolie indeholder en kraftfuld blanding af naturlige ingredienser, der arbejder i harmoni for at give maksimal effekt. Med [&#8230;]\n","protected":false},"featured_media":134,"comment_status":"open","ping_status":"closed","template":"","meta":[],"product_brand":[],"product_cat":[16,18,15,17],"product_tag":[],"class_list":{"0":"post-128","1":"product","2":"type-product","3":"status-publish","4":"has-post-thumbnail","6":"product_cat-moisturizer","7":"product_cat-supplements","8":"product_cat-uncategorized","9":"product_cat-vegan","11":"first","12":"instock","13":"sale","14":"shipping-taxable","15":"purchasable","16":"product-type-simple"},"_links":{"self":[{"href":"https:\/\/nordicoils.dk\/index.php?rest_route=\/wp\/v2\/product\/128","targetHints":{"allow":["GET"]}}],"collection":[{"href":"https:\/\/nordicoils.dk\/index.php?rest_route=\/wp\/v2\/product"}],"about":[{"href":"https:\/\/nordicoils.dk\/index.php?rest_route=\/wp\/v2\/types\/product"}],"replies":[{"embeddable":true,"href":"https:\/\/nordicoils.dk\/index.php?rest_route=%2Fwp%2Fv2%2Fcomments&post=128"}],"wp:featuredmedia":[{"embeddable":true,"href":"https:\/\/nordicoils.dk\/index.php?rest_route=\/wp\/v2\/media\/134"}],"wp:attachment":[{"href":"https:\/\/nordicoils.dk\/index.php?rest_route=%2Fwp%2Fv2%2Fmedia&parent=128"}],"wp:term":[{"taxonomy":"product_brand","embeddable":true,"href":"https:\/\/nordicoils.dk\/index.php?rest_route=%2Fwp%2Fv2%2Fproduct_brand&post=128"},{"taxonomy":"product_cat","embeddable":true,"href":"https:\/\/nordicoils.dk\/index.php?rest_route=%2Fwp%2Fv2%2Fproduct_cat&post=128"},{"taxonomy":"product_tag","embeddable":true,"href":"https:\/\/nordicoils.dk\/index.php?rest_route=%2Fwp%2Fv2%2Fproduct_tag&post=128"}],"curies":[{"name":"wp","href":"https:\/\/api.w.org\/{rel}","templated":true}]}}