

{"id":121,"date":"2023-03-29T14:05:45","date_gmt":"2023-03-29T14:05:45","guid":{"rendered":"https:\/\/nordicoils.dk\/?post_type=product&#038;p=121"},"modified":"2024-07-08T07:28:24","modified_gmt":"2024-07-08T07:28:24","slug":"creams","status":"publish","type":"product","link":"https:\/\/nordicoils.dk\/?product=creams","title":{"rendered":"creams"},"content":{"rendered":"<p>Selvfork\u00e6lelse i en krukke &#8211; Vores luksuri\u00f8se udvalg af cremer!<\/p>\n<p>Velkommen til en verden af sk\u00f8nhed og velv\u00e6re med vores fantastiske udvalg af cremer. Uanset om du leder efter intens hydrering, beroligende lindring eller fornyet ungdommelighed, har vi den perfekte creme til dig.<\/p>\n<p>Vores cremer er omhyggeligt udviklet med de fineste ingredienser for at sikre en oplevelse af ren luksus. Med avancerede formler, der er skr\u00e6ddersyet til forskellige behov, kan du fork\u00e6le din hud med dyb n\u00e6ring og pleje. Uanset om du har t\u00f8r hud, fedtet hud eller en kombination af begge, har vi den ideelle creme, der passer til netop dig.<\/p>\n<p>Fra vores ultrahydrerende natcreme, der arbejder h\u00e5rdt hele natten for at genoplive og forynge din hud, til vores lette dagcreme, der beskytter mod milj\u00f8p\u00e5virkninger og efterlader din hud str\u00e5lende og frisk, er vores sortiment skabt til at opfylde dine sk\u00f8nheds\u00f8nsker.<\/p>\n<p>Fork\u00e6l dig selv med vores cremer, der ikke kun n\u00e6rer din hud, men ogs\u00e5 v\u00e6kker dine sanser med delikate dufte og teksturer, der smelter ind i huden og efterlader den silkebl\u00f8d og str\u00e5lende.<\/p>\n<p>Giv din hud den opm\u00e6rksomhed, den fortjener, med vores luksuri\u00f8se cremer. Oplev forskellen i dag og tr\u00e6d ind i en verden af sk\u00f8nhed og velv\u00e6re, der kun venter p\u00e5 at blive udforsket.<\/p>\n","protected":false},"excerpt":{"rendered":"<p>Selvfork\u00e6lelse i en krukke &#8211; Vores luksuri\u00f8se udvalg af cremer! Velkommen til en verden af sk\u00f8nhed og velv\u00e6re med vores fantastiske udvalg af cremer. Uanset om du leder efter intens hydrering, beroligende lindring eller fornyet ungdommelighed, har vi den perfekte creme til dig. Vores cremer er omhyggeligt udviklet med de fineste ingredienser for at sikre [&#8230;]\n","protected":false},"featured_media":34,"comment_status":"open","ping_status":"closed","template":"","meta":[],"product_brand":[],"product_cat":[16,18,15,17],"product_tag":[],"class_list":{"0":"post-121","1":"product","2":"type-product","3":"status-publish","4":"has-post-thumbnail","6":"product_cat-moisturizer","7":"product_cat-supplements","8":"product_cat-uncategorized","9":"product_cat-vegan","11":"first","12":"instock","13":"shipping-taxable","14":"purchasable","15":"product-type-simple"},"_links":{"self":[{"href":"https:\/\/nordicoils.dk\/index.php?rest_route=\/wp\/v2\/product\/121","targetHints":{"allow":["GET"]}}],"collection":[{"href":"https:\/\/nordicoils.dk\/index.php?rest_route=\/wp\/v2\/product"}],"about":[{"href":"https:\/\/nordicoils.dk\/index.php?rest_route=\/wp\/v2\/types\/product"}],"replies":[{"embeddable":true,"href":"https:\/\/nordicoils.dk\/index.php?rest_route=%2Fwp%2Fv2%2Fcomments&post=121"}],"wp:featuredmedia":[{"embeddable":true,"href":"https:\/\/nordicoils.dk\/index.php?rest_route=\/wp\/v2\/media\/34"}],"wp:attachment":[{"href":"https:\/\/nordicoils.dk\/index.php?rest_route=%2Fwp%2Fv2%2Fmedia&parent=121"}],"wp:term":[{"taxonomy":"product_brand","embeddable":true,"href":"https:\/\/nordicoils.dk\/index.php?rest_route=%2Fwp%2Fv2%2Fproduct_brand&post=121"},{"taxonomy":"product_cat","embeddable":true,"href":"https:\/\/nordicoils.dk\/index.php?rest_route=%2Fwp%2Fv2%2Fproduct_cat&post=121"},{"taxonomy":"product_tag","embeddable":true,"href":"https:\/\/nordicoils.dk\/index.php?rest_route=%2Fwp%2Fv2%2Fproduct_tag&post=121"}],"curies":[{"name":"wp","href":"https:\/\/api.w.org\/{rel}","templated":true}]}}