

{"id":117,"date":"2023-03-29T14:05:12","date_gmt":"2023-03-29T14:05:12","guid":{"rendered":"https:\/\/nordicoils.dk\/?post_type=product&#038;p=117"},"modified":"2025-06-16T09:57:31","modified_gmt":"2025-06-16T09:57:31","slug":"supplements","status":"publish","type":"product","link":"https:\/\/nordicoils.dk\/?product=supplements","title":{"rendered":"supplements"},"content":{"rendered":"<p>Boost din velv\u00e6re med vores omfattende udvalg af kosttilskudsprodukter!<\/p>\n<p>Vi er dedikerede til at st\u00f8tte dit helbred og trivsel gennem vores n\u00f8je udvalgte sortiment af kosttilskud. Uanset om du \u00f8nsker at forbedre din generelle sundhed, \u00f8ge din energi, styrke dit immunsystem eller st\u00f8tte specifikke kropsfunktioner, s\u00e5 har vi de rette produkter til dig.<\/p>\n<p>Vores kosttilskud er udviklet med fokus p\u00e5 kvalitet og effektivitet. Vi bruger kun de fineste ingredienser, der er videnskabeligt dokumenterede for deres gavnlige virkninger p\u00e5 kroppen. Vores m\u00e5l er at give dig produkter, der kan v\u00e6re en v\u00e6rdifuld tilf\u00f8jelse til din daglige rutine og bidrage til dit overordnede velv\u00e6re.<\/p>\n<p>Uanset om du har brug for essentielle vitaminer og mineraler, omega-fedtsyrer, probiotika eller andre specifikke n\u00e6ringsstoffer, finder du det hele i vores omfattende sortiment. Vores produkter er lette at integrere i din daglige rutine, og vores vejledende information hj\u00e6lper dig med at v\u00e6lge de produkter, der passer bedst til dine behov.<\/p>\n<p>Vi forst\u00e5r vigtigheden af at tr\u00e6ffe velinformerede beslutninger om din sundhed, derfor er vores kosttilskud n\u00f8je testet og certificeret for deres kvalitet og renhed. Vi str\u00e6ber efter at give dig tillid til, at du tager de bedste valg for dit velv\u00e6re.<\/p>\n<p>Tag kontrol over din sundhed og velv\u00e6re med vores p\u00e5lidelige kosttilskudsprodukter. Uanset om du \u00f8nsker at opn\u00e5 en sundere livsstil eller st\u00f8tte specifikke m\u00e5l, er vores udvalg skabt til at guide dig p\u00e5 vejen mod en mere balanceret og str\u00e5lende fremtid.<\/p>\n","protected":false},"excerpt":{"rendered":"<p>Boost din velv\u00e6re med vores omfattende udvalg af kosttilskudsprodukter! Vi er dedikerede til at st\u00f8tte dit helbred og trivsel gennem vores n\u00f8je udvalgte sortiment af kosttilskud. Uanset om du \u00f8nsker at forbedre din generelle sundhed, \u00f8ge din energi, styrke dit immunsystem eller st\u00f8tte specifikke kropsfunktioner, s\u00e5 har vi de rette produkter til dig. Vores kosttilskud [&#8230;]\n","protected":false},"featured_media":591,"comment_status":"open","ping_status":"closed","template":"","meta":[],"product_brand":[],"product_cat":[16,18,15,17],"product_tag":[],"class_list":{"0":"post-117","1":"product","2":"type-product","3":"status-publish","4":"has-post-thumbnail","6":"product_cat-moisturizer","7":"product_cat-supplements","8":"product_cat-uncategorized","9":"product_cat-vegan","11":"first","12":"instock","13":"shipping-taxable","14":"purchasable","15":"product-type-simple"},"_links":{"self":[{"href":"https:\/\/nordicoils.dk\/index.php?rest_route=\/wp\/v2\/product\/117","targetHints":{"allow":["GET"]}}],"collection":[{"href":"https:\/\/nordicoils.dk\/index.php?rest_route=\/wp\/v2\/product"}],"about":[{"href":"https:\/\/nordicoils.dk\/index.php?rest_route=\/wp\/v2\/types\/product"}],"replies":[{"embeddable":true,"href":"https:\/\/nordicoils.dk\/index.php?rest_route=%2Fwp%2Fv2%2Fcomments&post=117"}],"wp:featuredmedia":[{"embeddable":true,"href":"https:\/\/nordicoils.dk\/index.php?rest_route=\/wp\/v2\/media\/591"}],"wp:attachment":[{"href":"https:\/\/nordicoils.dk\/index.php?rest_route=%2Fwp%2Fv2%2Fmedia&parent=117"}],"wp:term":[{"taxonomy":"product_brand","embeddable":true,"href":"https:\/\/nordicoils.dk\/index.php?rest_route=%2Fwp%2Fv2%2Fproduct_brand&post=117"},{"taxonomy":"product_cat","embeddable":true,"href":"https:\/\/nordicoils.dk\/index.php?rest_route=%2Fwp%2Fv2%2Fproduct_cat&post=117"},{"taxonomy":"product_tag","embeddable":true,"href":"https:\/\/nordicoils.dk\/index.php?rest_route=%2Fwp%2Fv2%2Fproduct_tag&post=117"}],"curies":[{"name":"wp","href":"https:\/\/api.w.org\/{rel}","templated":true}]}}