

{"id":116,"date":"2023-03-29T14:04:54","date_gmt":"2023-03-29T14:04:54","guid":{"rendered":"https:\/\/nordicoils.dk\/?post_type=product&#038;p=116"},"modified":"2025-08-21T12:55:41","modified_gmt":"2025-08-21T12:55:41","slug":"oils","status":"publish","type":"product","link":"https:\/\/nordicoils.dk\/?product=oils","title":{"rendered":"Oils"},"content":{"rendered":"<p data-start=\"144\" data-end=\"211\"><strong data-start=\"144\" data-end=\"209\">Oplev naturens rene kraft med vores udvalg af naturlige olier<\/strong><\/p>\n<p data-start=\"213\" data-end=\"474\">Lad dig forf\u00f8re af naturens sk\u00f8nhed og velg\u00f8rende egenskaber med vores eksklusive sortiment af naturlige olieprodukter. N\u00e5r du v\u00e6lger vores olier, tr\u00e6der du ind i en verden af ren velv\u00e6re, balance og n\u00e6ring \u2013 skabt til at st\u00f8tte b\u00e5de krop og sind i hverdagen.<\/p>\n<p data-start=\"476\" data-end=\"872\">Vores produkter er n\u00f8je udvalgt med respekt for naturen og fremstillet af \u00f8kologiske ingredienser af h\u00f8jeste kvalitet. Vi tror p\u00e5, at de bedste resultater opst\u00e5r, n\u00e5r man arbejder i harmoni med naturens egne ressourcer, og derfor er alle vores olier fri for kunstige tils\u00e6tningsstoffer, konserveringsmidler og farvestoffer. P\u00e5 den m\u00e5de f\u00e5r du et produkt, der er s\u00e5 rent og autentisk som muligt.<\/p>\n<p data-start=\"874\" data-end=\"1186\">I vores sortiment finder du et bredt udvalg af olier, hver med deres unikke egenskaber og fordele. Uanset hvad, s\u00e5 har vi en l\u00f8sning, der passer til dine behov og pr\u00e6ferencer.<\/p>\n<p data-start=\"1188\" data-end=\"1560\">Alle vores olier er skabt med fokus p\u00e5 b\u00e6redygtighed, kvalitet og gennemsigtighed. Vi samarbejder kun med producenter, der deler vores v\u00e6rdier om at beskytte naturen, st\u00f8tte \u00f8kologiske dyrkningsmetoder og sikre fair arbejdsforhold. Det betyder, at du kan nyde dine produkter med god samvittighed \u2013 velvidende at de er fremstillet med omtanke for b\u00e5de mennesker og milj\u00f8.<\/p>\n<p data-start=\"1562\" data-end=\"1746\">G\u00f8r noget godt for dig selv og oplev forskellen, som naturlige olier kan skabe. Med vores produkter investerer du ikke blot i din egen velv\u00e6re, men ogs\u00e5 i en mere b\u00e6redygtig fremtid.<\/p>\n","protected":false},"excerpt":{"rendered":"<p>Oplev naturens rene kraft med vores udvalg af naturlige olier Lad dig forf\u00f8re af naturens sk\u00f8nhed og velg\u00f8rende egenskaber med vores eksklusive sortiment af naturlige olieprodukter. N\u00e5r du v\u00e6lger vores olier, tr\u00e6der du ind i en verden af ren velv\u00e6re, balance og n\u00e6ring \u2013 skabt til at st\u00f8tte b\u00e5de krop og sind i hverdagen. Vores [&#8230;]\n","protected":false},"featured_media":135,"comment_status":"open","ping_status":"closed","template":"","meta":[],"product_brand":[],"product_cat":[19,16,18,17],"product_tag":[],"class_list":{"0":"post-116","1":"product","2":"type-product","3":"status-publish","4":"has-post-thumbnail","6":"product_cat-essential-oils","7":"product_cat-moisturizer","8":"product_cat-supplements","9":"product_cat-vegan","11":"first","12":"instock","13":"shipping-taxable","14":"purchasable","15":"product-type-simple"},"_links":{"self":[{"href":"https:\/\/nordicoils.dk\/index.php?rest_route=\/wp\/v2\/product\/116","targetHints":{"allow":["GET"]}}],"collection":[{"href":"https:\/\/nordicoils.dk\/index.php?rest_route=\/wp\/v2\/product"}],"about":[{"href":"https:\/\/nordicoils.dk\/index.php?rest_route=\/wp\/v2\/types\/product"}],"replies":[{"embeddable":true,"href":"https:\/\/nordicoils.dk\/index.php?rest_route=%2Fwp%2Fv2%2Fcomments&post=116"}],"wp:featuredmedia":[{"embeddable":true,"href":"https:\/\/nordicoils.dk\/index.php?rest_route=\/wp\/v2\/media\/135"}],"wp:attachment":[{"href":"https:\/\/nordicoils.dk\/index.php?rest_route=%2Fwp%2Fv2%2Fmedia&parent=116"}],"wp:term":[{"taxonomy":"product_brand","embeddable":true,"href":"https:\/\/nordicoils.dk\/index.php?rest_route=%2Fwp%2Fv2%2Fproduct_brand&post=116"},{"taxonomy":"product_cat","embeddable":true,"href":"https:\/\/nordicoils.dk\/index.php?rest_route=%2Fwp%2Fv2%2Fproduct_cat&post=116"},{"taxonomy":"product_tag","embeddable":true,"href":"https:\/\/nordicoils.dk\/index.php?rest_route=%2Fwp%2Fv2%2Fproduct_tag&post=116"}],"curies":[{"name":"wp","href":"https:\/\/api.w.org\/{rel}","templated":true}]}}