

{"id":14,"date":"2022-05-12T10:54:20","date_gmt":"2022-05-12T10:54:20","guid":{"rendered":"https:\/\/nordicoils.dk\/?page_id=14"},"modified":"2023-08-14T13:23:25","modified_gmt":"2023-08-14T13:23:25","slug":"refund_returns","status":"publish","type":"page","link":"https:\/\/nordicoils.dk\/?page_id=14","title":{"rendered":"Refundering og returpolitik"},"content":{"rendered":"\n<p><\/p>\n\n\n\n<p>Vores refunderings- og returpolitik varer 30 dage. Hvis der er g\u00e5et 30 dage siden dit k\u00f8b, kan vi ikke tilbyde dig en fuld refusion eller ombytning.<\/p>\n\n\n\n<p>For at v\u00e6re berettiget til en returnering skal din vare v\u00e6re ubrugt og i samme stand, som du modtog den. Den skal ogs\u00e5 v\u00e6re i den originale emballage.<\/p>\n\n\n\n<p>Flere typer varer er undtaget fra returnering. Letford\u00e6rvelige varer som f.eks. f\u00f8devarer, blomster, aviser og magasiner kan ikke returneres. Vi accepterer heller ikke produkter, der er intime eller sanit\u00e6re varer, farlige materialer eller brandfarlige v\u00e6sker eller gasser.<\/p>\n\n\n\n<p>Yderligere varer, der ikke kan returneres: <\/p>\n\n\n\n<p><\/p>\n\n\n\n<p><\/p>\n\n\n\n<p>For at gennemf\u00f8re din returnering skal vi have en kvittering eller et bevis for k\u00f8bet.<\/p>\n\n\n\n<p>Du m\u00e5 ikke sende dit k\u00f8b tilbage til producenten.<\/p>\n\n\n\n<p>Der er visse situationer, hvor der kun ydes delvis tilbagebetaling: <\/p>\n\n\n\n<ul class=\"wp-block-list\">\n<li>Bog med tydelige tegn p\u00e5 brug<\/li>\n\n\n\n<li>CD, DVD, VHS-b\u00e5nd, software, videospil, kassetteb\u00e5nd eller vinylplader, der er blevet \u00e5bnet.<\/li>\n\n\n\n<li>Enhver vare, der ikke er i original stand, er beskadiget eller mangler dele af \u00e5rsager, der ikke skyldes en fejl fra vores side.<\/li>\n\n\n\n<li>Enhver vare, der returneres mere end 30 dage efter levering<\/li>\n<\/ul>\n\n\n\n<p><\/p>\n\n\n\n<p><\/p>\n\n\n\n<p>N\u00e5r din returnering er modtaget og inspiceret, sender vi dig en e-mail for at give dig besked om, at vi har modtaget din returnerede vare. Vi giver dig ogs\u00e5 besked om godkendelse eller afvisning af din tilbagebetaling.<\/p>\n\n\n\n<p>Hvis du bliver godkendt, vil din tilbagebetaling blive behandlet, og der vil automatisk blive foretaget en kreditering p\u00e5 dit kreditkort eller din oprindelige betalingsmetode inden for et vist antal dage.<\/p>\n\n\n\n<p><\/p>\n\n\n\n<p><\/p>\n\n\n\n<p>Hvis du endnu ikke har modtaget en tilbagebetaling, skal du f\u00f8rst tjekke din bankkonto igen.<\/p>\n\n\n\n<p>Kontakt derefter dit kreditkortselskab, det kan tage noget tid, f\u00f8r din refusion er officielt bogf\u00f8rt.<\/p>\n\n\n\n<p>Kontakt derefter din bank. Der g\u00e5r ofte en vis behandlingstid, f\u00f8r en tilbagebetaling er bogf\u00f8rt.<\/p>\n\n\n\n<p>Hvis du har gjort alt dette, og du stadig ikke har modtaget din tilbagebetaling endnu, bedes du kontakte os p\u00e5 {emailadresse}.<\/p>\n\n\n\n<p><b>Sale items<\/b><\/p>\n\n\n\n<p>Kun varer til normalpris kan refunderes. Udsalgsvarer kan ikke refunderes.<\/p>\n\n\n\n<p><\/p>\n\n\n\n<p><\/p>\n\n\n\n<p>Vi erstatter kun varer, hvis de er defekte eller beskadigede. Hvis du har brug for at ombytte den til den samme vare, skal du sende os en e-mailog sende din vare til os.<\/p>\n\n\n\n<p><\/p>\n\n\n\n<p><\/p>\n\n\n\n<p>Hvis varen var markeret som en gave, da den blev k\u00f8bt og sendt direkte til dig, vil du modtage et gavekredit p\u00e5 v\u00e6rdien af din returnering. N\u00e5r den returnerede vare er modtaget, vil du f\u00e5 et gavekort tilsendt med posten.<\/p>\n\n\n\n<p>Hvis varen ikke var markeret som en gave, da den blev k\u00f8bt, eller hvis gavegiveren fik ordren sendt til sig selv for at give den til dig senere, sender vi en tilbagebetaling til gavegiveren, og de vil f\u00e5 besked om din returnering.<\/p>\n\n\n\n<p><\/p>\n\n\n\n<p><\/p>\n\n\n\n<p>For at returnere dit produkt skal du sende dit produkt til os.<\/p>\n\n\n\n<p>Du er ansvarlig for at betale dine egne forsendelsesomkostninger for at returnere din vare. Forsendelsesomkostningerne kan ikke refunderes. Hvis du modtager en refusion, vil omkostningerne til returforsendelse blive fratrukket fra din refusion.<\/p>\n\n\n\n<p>Afh\u00e6ngigt af hvor du bor, kan det variere, hvor lang tid det kan tage for dit ombyttede produkt at n\u00e5 frem til dig.<\/p>\n\n\n\n<p>Hvis du returnerer dyrere varer, kan du overveje at bruge en sporbar forsendelsestjeneste eller k\u00f8be en forsendelsesforsikring. <\/p>\n\n\n\n<p><\/p>\n\n\n\n<p><\/p>\n\n\n\n<p>Kontakt os for sp\u00f8rgsm\u00e5l vedr\u00f8rende refundering og returnering.<\/p>\n","protected":false},"excerpt":{"rendered":"<p>Vores refunderings- og returpolitik varer 30 dage. Hvis der er g\u00e5et 30 dage siden dit k\u00f8b, kan vi ikke tilbyde dig en fuld refusion eller ombytning. For at v\u00e6re berettiget til en returnering skal din vare v\u00e6re ubrugt og i samme stand, som du modtog den. Den skal ogs\u00e5 v\u00e6re i den originale emballage. Flere [&#8230;]\n","protected":false},"author":1,"featured_media":0,"parent":0,"menu_order":0,"comment_status":"closed","ping_status":"closed","template":"","meta":{"footnotes":""},"class_list":["post-14","page","type-page","status-publish","hentry"],"_links":{"self":[{"href":"https:\/\/nordicoils.dk\/index.php?rest_route=\/wp\/v2\/pages\/14","targetHints":{"allow":["GET"]}}],"collection":[{"href":"https:\/\/nordicoils.dk\/index.php?rest_route=\/wp\/v2\/pages"}],"about":[{"href":"https:\/\/nordicoils.dk\/index.php?rest_route=\/wp\/v2\/types\/page"}],"author":[{"embeddable":true,"href":"https:\/\/nordicoils.dk\/index.php?rest_route=\/wp\/v2\/users\/1"}],"replies":[{"embeddable":true,"href":"https:\/\/nordicoils.dk\/index.php?rest_route=%2Fwp%2Fv2%2Fcomments&post=14"}],"version-history":[{"count":4,"href":"https:\/\/nordicoils.dk\/index.php?rest_route=\/wp\/v2\/pages\/14\/revisions"}],"predecessor-version":[{"id":198,"href":"https:\/\/nordicoils.dk\/index.php?rest_route=\/wp\/v2\/pages\/14\/revisions\/198"}],"wp:attachment":[{"href":"https:\/\/nordicoils.dk\/index.php?rest_route=%2Fwp%2Fv2%2Fmedia&parent=14"}],"curies":[{"name":"wp","href":"https:\/\/api.w.org\/{rel}","templated":true}]}}